{"id":69,"date":"2025-01-13T22:56:38","date_gmt":"2025-01-13T21:56:38","guid":{"rendered":"https:\/\/www.neuoft.org.server.itcontrol.cz\/?page_id=69"},"modified":"2025-03-13T20:23:33","modified_gmt":"2025-03-13T19:23:33","slug":"napiste-nam","status":"publish","type":"page","link":"https:\/\/neuoft.itcontrol.cz\/en\/napiste-nam\/","title":{"rendered":"Napi\u0161te n\u00e1m"},"content":{"rendered":"<style>.kb-row-layout-id69_aeeec4-b1 > .kt-row-column-wrap{align-content:start;}:where(.kb-row-layout-id69_aeeec4-b1 > .kt-row-column-wrap) > .wp-block-kadence-column{justify-content:start;}.kb-row-layout-id69_aeeec4-b1 > .kt-row-column-wrap{column-gap:var(--global-kb-gap-lg, 4rem);row-gap:var(--global-kb-gap-md, 2rem);max-width:var( --global-content-width, 1204px );padding-left:var(--global-content-edge-padding);padding-right:var(--global-content-edge-padding);padding-bottom:var(--global-kb-spacing-lg, 3rem);grid-template-columns:repeat(2, minmax(0, 1fr));}.kb-row-layout-id69_aeeec4-b1 > .kt-row-layout-overlay{opacity:0.30;}@media all and (max-width: 1024px){.kb-row-layout-id69_aeeec4-b1 > .kt-row-column-wrap{row-gap:var(--global-kb-gap-sm, 1rem);grid-template-columns:minmax(0, 1fr);}}@media all and (max-width: 767px){.kb-row-layout-id69_aeeec4-b1 > .kt-row-column-wrap{row-gap:var(--global-kb-gap-sm, 1rem);grid-template-columns:minmax(0, 1fr);}}<\/style><div class=\"kb-row-layout-wrap kb-row-layout-id69_aeeec4-b1 alignfull has-theme-palette9-background-color kt-row-has-bg wp-block-kadence-rowlayout\"><div class=\"kt-row-column-wrap kt-has-2-columns kt-row-layout-equal kt-tab-layout-row kt-mobile-layout-row kt-row-valign-top kb-theme-content-width\">\n<style>.kadence-column69_59088c-cb > .kt-inside-inner-col,.kadence-column69_59088c-cb > .kt-inside-inner-col:before{border-top-left-radius:0px;border-top-right-radius:0px;border-bottom-right-radius:0px;border-bottom-left-radius:0px;}.kadence-column69_59088c-cb > .kt-inside-inner-col{column-gap:var(--global-kb-gap-sm, 1rem);}.kadence-column69_59088c-cb > .kt-inside-inner-col{flex-direction:column;}.kadence-column69_59088c-cb > .kt-inside-inner-col > .aligncenter{width:100%;}.kadence-column69_59088c-cb > .kt-inside-inner-col:before{opacity:0.3;}.kadence-column69_59088c-cb{position:relative;}@media all and (max-width: 1024px){.kadence-column69_59088c-cb > .kt-inside-inner-col{flex-direction:column;justify-content:center;}}@media all and (max-width: 767px){.kadence-column69_59088c-cb > .kt-inside-inner-col{flex-direction:column;justify-content:center;}}<\/style>\n<div class=\"wp-block-kadence-column kadence-column69_59088c-cb inner-column-1\"><div class=\"kt-inside-inner-col\"><style>.wp-block-kadence-advancedheading.kt-adv-heading69_94f6fc-89, .wp-block-kadence-advancedheading.kt-adv-heading69_94f6fc-89[data-kb-block=\"kb-adv-heading69_94f6fc-89\"]{font-style:normal;}.wp-block-kadence-advancedheading.kt-adv-heading69_94f6fc-89 mark.kt-highlight, .wp-block-kadence-advancedheading.kt-adv-heading69_94f6fc-89[data-kb-block=\"kb-adv-heading69_94f6fc-89\"] mark.kt-highlight{font-style:normal;color:#f76a0c;-webkit-box-decoration-break:clone;box-decoration-break:clone;padding-top:0px;padding-right:0px;padding-bottom:0px;padding-left:0px;}.wp-block-kadence-advancedheading.kt-adv-heading69_94f6fc-89 img.kb-inline-image, .wp-block-kadence-advancedheading.kt-adv-heading69_94f6fc-89[data-kb-block=\"kb-adv-heading69_94f6fc-89\"] img.kb-inline-image{width:150px;vertical-align:baseline;}<\/style>\n<p class=\"kt-adv-heading69_94f6fc-89 wp-block-kadence-advancedheading has-theme-palette-3-color has-text-color\" data-kb-block=\"kb-adv-heading69_94f6fc-89\">Jsem r\u00e1da, \u017ee V\u00e1s neuro-oftalmologie zaj\u00edm\u00e1. <\/p>\n\n\n\n<p>R\u00e1da usly\u0161\u00edm, co byste cht\u011bli sly\u0161et v dal\u0161\u00edch ro\u010dn\u00edc\u00edch m\u00edtinku, pokud by na webu n\u011bco nefungovalo, nebo pokud byste se mnou pot\u0159ebovali spojit z jin\u00e9ho d\u016fvodu. Formul\u00e1\u0159 ode\u0161le Va\u0161i zpr\u00e1vu na m\u016fj email.<\/p>\n\n\n\n<p>Va\u0161e<br>Jana L\u00edzrov\u00e1 Preiningerov\u00e1<\/p>\n\n\n\n<figure class=\"wp-block-image size-thumbnail\"><img loading=\"lazy\" decoding=\"async\" width=\"150\" height=\"150\" src=\"https:\/\/www.neuoft.org.server.itcontrol.cz\/wp-content\/uploads\/2025\/01\/jana-foto-ctverec-150x150.jpg\" alt=\"\" class=\"wp-image-70\" srcset=\"https:\/\/neuoft.itcontrol.cz\/wp-content\/uploads\/2025\/01\/jana-foto-ctverec-150x150.jpg 150w, https:\/\/neuoft.itcontrol.cz\/wp-content\/uploads\/2025\/01\/jana-foto-ctverec-300x300.jpg 300w, https:\/\/neuoft.itcontrol.cz\/wp-content\/uploads\/2025\/01\/jana-foto-ctverec-1024x1024.jpg 1024w, https:\/\/neuoft.itcontrol.cz\/wp-content\/uploads\/2025\/01\/jana-foto-ctverec-768x768.jpg 768w, https:\/\/neuoft.itcontrol.cz\/wp-content\/uploads\/2025\/01\/jana-foto-ctverec-1536x1536.jpg 1536w, https:\/\/neuoft.itcontrol.cz\/wp-content\/uploads\/2025\/01\/jana-foto-ctverec-2048x2048.jpg 2048w\" sizes=\"auto, (max-width: 150px) 100vw, 150px\" \/><\/figure>\n<\/div><\/div>\n\n\n<style>.kadence-column69_6ed14c-9f > .kt-inside-inner-col,.kadence-column69_6ed14c-9f > .kt-inside-inner-col:before{border-top-left-radius:0px;border-top-right-radius:0px;border-bottom-right-radius:0px;border-bottom-left-radius:0px;}.kadence-column69_6ed14c-9f > .kt-inside-inner-col{column-gap:var(--global-kb-gap-sm, 1rem);}.kadence-column69_6ed14c-9f > .kt-inside-inner-col{flex-direction:column;}.kadence-column69_6ed14c-9f > .kt-inside-inner-col > .aligncenter{width:100%;}.kadence-column69_6ed14c-9f > .kt-inside-inner-col:before{opacity:0.3;}.kadence-column69_6ed14c-9f{position:relative;}@media all and (max-width: 1024px){.kadence-column69_6ed14c-9f > .kt-inside-inner-col{flex-direction:column;justify-content:center;}}@media all and (max-width: 767px){.kadence-column69_6ed14c-9f > .kt-inside-inner-col{flex-direction:column;justify-content:center;}}<\/style>\n<div class=\"wp-block-kadence-column kadence-column69_6ed14c-9f inner-column-2\"><div class=\"kt-inside-inner-col\"><div class=\"wpforms-container wpforms-container-full wpforms-block wpforms-block-903acc9d-0871-417a-967d-16bf90da3b5d wpforms-render-modern\" id=\"wpforms-99\"><form id=\"wpforms-form-99\" class=\"wpforms-validate wpforms-form wpforms-ajax-form\" data-formid=\"99\" method=\"post\" enctype=\"multipart\/form-data\" action=\"\/en\/wp-json\/wp\/v2\/pages\/69\" data-token=\"29f625b579198e6d57eb4d5786a6b551\" data-token-time=\"1776145403\"><noscript class=\"wpforms-error-noscript\">Please enable JavaScript in your browser to complete this form.<\/noscript><div id=\"wpforms-error-noscript\" style=\"display: none;\">Please enable JavaScript in your browser to complete this form.<\/div><div class=\"wpforms-field-container\">\t\t<div id=\"wpforms-99-field_4-container\"\n\t\t\tclass=\"wpforms-field wpforms-field-text\"\n\t\t\tdata-field-type=\"text\"\n\t\t\tdata-field-id=\"4\"\n\t\t\t>\n\t\t\t<label class=\"wpforms-field-label\" for=\"wpforms-99-field_4\" >E-mail Koment\u00e1\u0159 nebo<\/label>\n\t\t\t<input type=\"text\" id=\"wpforms-99-field_4\" class=\"wpforms-field-medium\" name=\"wpforms[fields][4]\" >\n\t\t<\/div>\n\t\t<div id=\"wpforms-99-field_1-container\" class=\"wpforms-field wpforms-field-name\" data-field-id=\"1\"><label class=\"wpforms-field-label\" for=\"wpforms-99-field_1\">Jm\u00e9no <span class=\"wpforms-required-label\" aria-hidden=\"true\">*<\/span><\/label><input type=\"text\" id=\"wpforms-99-field_1\" class=\"wpforms-field-large wpforms-field-required\" name=\"wpforms[fields][1]\" aria-errormessage=\"wpforms-99-field_1-error\" required><\/div><div id=\"wpforms-99-field_2-container\" class=\"wpforms-field wpforms-field-email\" data-field-id=\"2\"><label class=\"wpforms-field-label\" for=\"wpforms-99-field_2\">E-mail <span class=\"wpforms-required-label\" aria-hidden=\"true\">*<\/span><\/label><input type=\"email\" id=\"wpforms-99-field_2\" class=\"wpforms-field-large wpforms-field-required\" name=\"wpforms[fields][2]\" spellcheck=\"false\" aria-errormessage=\"wpforms-99-field_2-error\" required><\/div><div id=\"wpforms-99-field_3-container\" class=\"wpforms-field wpforms-field-textarea\" data-field-id=\"3\"><label class=\"wpforms-field-label\" for=\"wpforms-99-field_3\">Koment\u00e1\u0159 nebo zpr\u00e1va<\/label><textarea id=\"wpforms-99-field_3\" class=\"wpforms-field-medium\" name=\"wpforms[fields][3]\" aria-errormessage=\"wpforms-99-field_3-error\" ><\/textarea><\/div><script>\n\t\t\t\t( function() {\n\t\t\t\t\tconst style = document.createElement( 'style' );\n\t\t\t\t\tstyle.appendChild( document.createTextNode( '#wpforms-99-field_4-container { position: absolute !important; overflow: hidden !important; display: inline !important; height: 1px !important; width: 1px !important; z-index: -1000 !important; padding: 0 !important; } #wpforms-99-field_4-container input { visibility: hidden; } #wpforms-conversational-form-page #wpforms-99-field_4-container label { counter-increment: none; }' ) );\n\t\t\t\t\tdocument.head.appendChild( style );\n\t\t\t\t\tdocument.currentScript?.remove();\n\t\t\t\t} )();\n\t\t\t<\/script><\/div><!-- .wpforms-field-container --><div class=\"wpforms-recaptcha-container wpforms-is-recaptcha wpforms-is-recaptcha-type-v3\" ><input type=\"hidden\" name=\"wpforms[recaptcha]\" value=\"\"><\/div><div class=\"wpforms-submit-container\" ><input type=\"hidden\" name=\"wpforms[id]\" value=\"99\"><input type=\"hidden\" name=\"page_title\" value=\"\"><input type=\"hidden\" name=\"page_url\" value=\"https:\/\/neuoft.itcontrol.cz\/en\/wp-json\/wp\/v2\/pages\/69\"><input type=\"hidden\" name=\"url_referer\" value=\"\"><button type=\"submit\" name=\"wpforms[submit]\" id=\"wpforms-submit-99\" class=\"wpforms-submit\" data-alt-text=\"Odes\u00edl\u00e1ni...\" data-submit-text=\"Odeslat\" aria-live=\"assertive\" value=\"wpforms-submit\">Odeslat<\/button><img loading=\"lazy\" decoding=\"async\" src=\"https:\/\/neuoft.itcontrol.cz\/wp-content\/plugins\/wpforms-lite\/assets\/images\/submit-spin.svg\" class=\"wpforms-submit-spinner\" style=\"display: none;\" width=\"26\" height=\"26\" alt=\"Loading\"><\/div><\/form><\/div>  <!-- .wpforms-container --><\/div><\/div>\n\n<\/div><\/div>\n\n\n<div class=\"wp-block-group has-theme-palette-9-color has-theme-palette-1-background-color has-text-color has-background has-link-color wp-elements-8061d4fe4d1ae777024a788df501ca9a is-vertical is-content-justification-center is-layout-flex wp-container-core-group-is-layout-f9ad3a64 wp-block-group-is-layout-flex\" style=\"margin-top:var(--wp--preset--spacing--50);margin-bottom:var(--wp--preset--spacing--50);padding-top:var(--wp--preset--spacing--50);padding-right:var(--wp--preset--spacing--50);padding-bottom:var(--wp--preset--spacing--50);padding-left:var(--wp--preset--spacing--50)\">\n<h2 class=\"wp-block-heading has-theme-palette-9-color has-text-color has-link-color wp-elements-85afabc771facda16ed7c5751896d93b\">Chcete v\u017edy v\u011bd\u011bt, co je zde nov\u00e9ho?<\/h2>\n\n\n\n<p>&nbsp; P\u0159ihla\u0161te se k odb\u011bru novinek.<\/p>\n<\/div>\n","protected":false},"excerpt":{"rendered":"<p>Jsem r\u00e1da, \u017ee V\u00e1s neuro-oftalmologie zaj\u00edm\u00e1. R\u00e1da usly\u0161\u00edm, co byste cht\u011bli sly\u0161et v dal\u0161\u00edch ro\u010dn\u00edc\u00edch m\u00edtinku, pokud by na webu n\u011bco nefungovalo, nebo pokud byste se mnou pot\u0159ebovali spojit z jin\u00e9ho d\u016fvodu. Formul\u00e1\u0159 ode\u0161le Va\u0161i zpr\u00e1vu na m\u016fj email. Va\u0161eJana L\u00edzrov\u00e1 Preiningerov\u00e1 Chcete v\u017edy v\u011bd\u011bt, co je zde nov\u00e9ho? &nbsp; P\u0159ihla\u0161te se k odb\u011bru novinek.<\/p>","protected":false},"author":1,"featured_media":44,"parent":0,"menu_order":0,"comment_status":"closed","ping_status":"closed","template":"","meta":{"_kad_post_transparent":"","_kad_post_title":"","_kad_post_layout":"","_kad_post_sidebar_id":"","_kad_post_content_style":"","_kad_post_vertical_padding":"","_kad_post_feature":"","_kad_post_feature_position":"","_kad_post_header":false,"_kad_post_footer":false,"footnotes":""},"class_list":["post-69","page","type-page","status-publish","has-post-thumbnail","hentry"],"_links":{"self":[{"href":"https:\/\/neuoft.itcontrol.cz\/en\/wp-json\/wp\/v2\/pages\/69","targetHints":{"allow":["GET"]}}],"collection":[{"href":"https:\/\/neuoft.itcontrol.cz\/en\/wp-json\/wp\/v2\/pages"}],"about":[{"href":"https:\/\/neuoft.itcontrol.cz\/en\/wp-json\/wp\/v2\/types\/page"}],"author":[{"embeddable":true,"href":"https:\/\/neuoft.itcontrol.cz\/en\/wp-json\/wp\/v2\/users\/1"}],"replies":[{"embeddable":true,"href":"https:\/\/neuoft.itcontrol.cz\/en\/wp-json\/wp\/v2\/comments?post=69"}],"version-history":[{"count":4,"href":"https:\/\/neuoft.itcontrol.cz\/en\/wp-json\/wp\/v2\/pages\/69\/revisions"}],"predecessor-version":[{"id":221,"href":"https:\/\/neuoft.itcontrol.cz\/en\/wp-json\/wp\/v2\/pages\/69\/revisions\/221"}],"wp:featuredmedia":[{"embeddable":true,"href":"https:\/\/neuoft.itcontrol.cz\/en\/wp-json\/wp\/v2\/media\/44"}],"wp:attachment":[{"href":"https:\/\/neuoft.itcontrol.cz\/en\/wp-json\/wp\/v2\/media?parent=69"}],"curies":[{"name":"wp","href":"https:\/\/api.w.org\/{rel}","templated":true}]}}