{"id":357,"date":"2026-03-23T16:36:29","date_gmt":"2026-03-23T15:36:29","guid":{"rendered":"https:\/\/neuoft.org\/?page_id=357"},"modified":"2026-03-24T10:14:08","modified_gmt":"2026-03-24T09:14:08","slug":"neu-oft-2024","status":"publish","type":"page","link":"https:\/\/neuoft.itcontrol.cz\/en\/neu-oft-2024\/","title":{"rendered":"1. neuro-oftalmologick\u00e9 f\u00f3rum"},"content":{"rendered":"<style>\n.page-id-357 .entry-hero .entry-title {\n  font-size: 0;\n  line-height: 0;\n  color: transparent;\n  width: 100%;\n  max-width: 100%;\n  min-height: 140px;\n  display: block;\n  background-image: url(https:\/\/neuoft.org\/wp-content\/uploads\/2026\/03\/1neuoftlogo-L.svg);\n  background-repeat: no-repeat;\n  background-position: right center;\n  background-size: 380px auto;\n}\n<\/style>\n\n\n\n<div class=\"wp-block-columns is-layout-flex wp-container-core-columns-is-layout-9d6595d7 wp-block-columns-is-layout-flex\">\n<div class=\"wp-block-column is-layout-flow wp-block-column-is-layout-flow\" style=\"flex-basis:66.66%\">\n<figure class=\"wp-block-table is-style-regular\"><table><tbody><tr><td>Time and place<\/td><td><strong>20. \u010dervna 2024<\/strong>,<br><strong>Kongresov\u00e9 centrum ILF v Praze<\/strong><\/td><\/tr><tr><td>Organizer<\/td><td><strong>ReMuS, nada\u010dn\u00ed fond<\/strong><\/td><\/tr><tr><td colspan=\"2\">Organized in cooperation with: the Department of Neurology and Ophthalmology at the 1. LF UK and VFN in Prague,  under the auspices of the Czech Ophthalmological Society of the Czech Medical Association of J. E. Purkyn\u011b.<\/td><\/tr><tr><td colspan=\"2\">Vzd\u011bl\u00e1vac\u00ed akce byla po\u0159\u00e1d\u00e1na dle Stavovsk\u00e9ho p\u0159edpisu \u010cLK \u010d. 16 a \u00fa\u010dast byla ohodnocena v r\u00e1mci celo\u017eivotn\u00edho postgradu\u00e1ln\u00edho vzd\u011bl\u00e1v\u00e1n\u00ed.<\/td><\/tr><tr><td>Language<\/td><td>\u010de\u0161tina<\/td><\/tr><\/tbody><\/table><\/figure>\n<\/div>\n\n\n\n<div class=\"wp-block-column is-layout-flow wp-block-column-is-layout-flow\" style=\"flex-basis:33.33%\">\n<figure class=\"wp-block-image size-large\"><img loading=\"lazy\" decoding=\"async\" width=\"1024\" height=\"682\" src=\"http:\/\/neuoft.org\/wp-content\/uploads\/2026\/03\/PZ8_1100-1024x682.jpg\" alt=\"\" class=\"wp-image-432\" srcset=\"https:\/\/neuoft.itcontrol.cz\/wp-content\/uploads\/2026\/03\/PZ8_1100-1024x682.jpg 1024w, https:\/\/neuoft.itcontrol.cz\/wp-content\/uploads\/2026\/03\/PZ8_1100-300x200.jpg 300w, https:\/\/neuoft.itcontrol.cz\/wp-content\/uploads\/2026\/03\/PZ8_1100-768x512.jpg 768w, https:\/\/neuoft.itcontrol.cz\/wp-content\/uploads\/2026\/03\/PZ8_1100-1536x1024.jpg 1536w, https:\/\/neuoft.itcontrol.cz\/wp-content\/uploads\/2026\/03\/PZ8_1100-18x12.jpg 18w, https:\/\/neuoft.itcontrol.cz\/wp-content\/uploads\/2026\/03\/PZ8_1100.jpg 2000w\" sizes=\"auto, (max-width: 1024px) 100vw, 1024px\" \/><\/figure>\n<\/div>\n<\/div>\n\n\n\n<h2 class=\"wp-block-heading\">Program<\/h2>\n\n\n\n<figure class=\"wp-block-table is-style-regular\"><table><thead><tr><th>\u010cas<\/th><th>Program<\/th><\/tr><\/thead><tbody><tr><td><strong>8:00\u20139:00<\/strong><\/td><td>Registrace a \u00favodn\u00ed k\u00e1va<\/td><\/tr><tr><td><strong>9:00\u20139:30<\/strong><\/td><td><strong>\u00davodn\u00ed kurz pro oftalmology<\/strong><br>Za dve\u0159mi neurologick\u00e9 ambulance<br>prim. MUDr. M. Vachov\u00e1<\/td><\/tr><tr><td><strong>9:00\u20139:30<\/strong><\/td><td><strong>\u00davodn\u00ed kurz pro neurology<\/strong><br>Komentovan\u00e1 proch\u00e1zka o\u010dn\u00ed zpr\u00e1vou<br>MUDr. Z. Kasl, Ph.D.<\/td><\/tr><tr><td><strong>10:00<\/strong><\/td><td><strong>Opening ceremony<\/strong><\/td><\/tr><tr><td><strong>10:00\u201312:00<\/strong><\/td><td><strong>HLAVN\u00cd BLOK: Neuro-oftalmologie z pohledu neurologa, oftalmologa a radiologa<\/strong><br>P\u0159edsedaj\u00edc\u00ed: J. L\u00edzrov\u00e1 Preiningerov\u00e1, N. Jir\u00e1skov\u00e1, M. Van\u011b\u010dkov\u00e1<br><br>doc. MUDr. Jana L\u00edzrov\u00e1 Preiningerov\u00e1, Ph.D. (neurologie)<br>Prof. MUDr. Na\u010fa Jir\u00e1skov\u00e1, Ph.D. (oftalmologie)<br>Prof. MUDr. Manuela Van\u011b\u010dkov\u00e1, Ph.D. (neuroradiologie)<\/td><\/tr><tr><td><strong>12:00\u201313:00<\/strong><\/td><td>P\u0159est\u00e1vka na ob\u011bd<\/td><\/tr><tr><td><strong>13:00\u201315:00<\/strong><\/td><td><strong>SOUT\u011a\u017dN\u00cd BLOK KAZUISTIK mezioborov\u00fdch t\u00fdm\u016f<\/strong><br>\u0160est t\u00fdm\u016f z r\u016fzn\u00fdch pracovi\u0161\u0165 \u010cR prezentovalo kazuistiky na t\u00e9ma neuritidy optiku, neuropatie optiku, uveitidy a c\u00e9vn\u00ed ischemick\u00e9 p\u0159\u00edhody s\u00edtnice.<br>T\u0159i v\u00edt\u011bzn\u00e9 kazuistiky byly vyhl\u00e1\u0161eny na z\u00e1klad\u011b hlasov\u00e1n\u00ed poslucha\u010d\u016f.<\/td><\/tr><tr><td><strong>15:00\u201316:00<\/strong><\/td><td><strong>DISKUZE: Optim\u00e1ln\u00ed protokol p\u00e9\u010de o pacienty s akutn\u00edm z\u00e1n\u011btem zrakov\u00e9ho nervu<\/strong><br>Vedouc\u00ed diskuze: doc. L\u00edzrov\u00e1 Preiningerov\u00e1 a prim. Dibl\u00edk<\/td><\/tr><tr><td><strong>16:00<\/strong><\/td><td>Zakon\u010den\u00ed kongresu<\/td><\/tr><\/tbody><\/table><\/figure>\n\n\n\n<p><strong>Prezident f\u00f3ra:<\/strong> doc. MUDr. Jana L\u00edzrov\u00e1 Preiningerov\u00e1, Ph.D.<\/p>\n\n\n\n<hr class=\"wp-block-separator has-alpha-channel-opacity is-style-wide\"\/>\n\n\n\n<h2 class=\"wp-block-heading\">Z\u00e1v\u011bre\u010dn\u00e1 zpr\u00e1va<\/h2>\n\n\n\n<p>Z\u00e1v\u011bre\u010dnou zpr\u00e1vu z 1. Neuro-oftalmologick\u00e9ho f\u00f3ra si m\u016f\u017eete st\u00e1hnout ve form\u00e1tu PDF:<\/p>\n\n\n\n<div class=\"wp-block-file\"><a href=\"https:\/\/neuoft.org\/wp-content\/uploads\/2026\/03\/NEU-OFT_2024__Zaverecna_zprava.pdf\">NEU-OFT 2024 \u2013 Z\u00e1v\u011bre\u010dn\u00e1 zpr\u00e1va (PDF)<\/a><a href=\"https:\/\/neuoft.org\/wp-content\/uploads\/2026\/03\/NEU-OFT_2024__Zaverecna_zprava.pdf\" class=\"wp-block-file__button wp-element-button\" download>St\u00e1hnout<\/a><\/div>\n\n\n\n<hr class=\"wp-block-separator has-alpha-channel-opacity is-style-wide\"\/>\n\n\n\n<h2 class=\"wp-block-heading\">Fotogalerie<\/h2>\n\n\n\n<p class=\"has-text-color\" style=\"color:#888888\"><em>Fotografie z 1. Neuro-oftalmologick\u00e9ho f\u00f3ra budou dopln\u011bny.<\/em><\/p>\n\n\n\n<figure class=\"wp-block-gallery has-nested-images columns-3 is-cropped wp-block-gallery-1 is-layout-flex wp-block-gallery-is-layout-flex\">\n<figure class=\"wp-block-image size-large\"><img loading=\"lazy\" decoding=\"async\" width=\"1024\" height=\"682\" data-id=\"422\" src=\"https:\/\/neuoft.org\/wp-content\/uploads\/2026\/03\/PZ8_0578-1024x682.jpg\" alt=\"\" class=\"wp-image-422\" srcset=\"https:\/\/neuoft.itcontrol.cz\/wp-content\/uploads\/2026\/03\/PZ8_0578-1024x682.jpg 1024w, https:\/\/neuoft.itcontrol.cz\/wp-content\/uploads\/2026\/03\/PZ8_0578-300x200.jpg 300w, https:\/\/neuoft.itcontrol.cz\/wp-content\/uploads\/2026\/03\/PZ8_0578-768x512.jpg 768w, https:\/\/neuoft.itcontrol.cz\/wp-content\/uploads\/2026\/03\/PZ8_0578-1536x1024.jpg 1536w, https:\/\/neuoft.itcontrol.cz\/wp-content\/uploads\/2026\/03\/PZ8_0578-18x12.jpg 18w, https:\/\/neuoft.itcontrol.cz\/wp-content\/uploads\/2026\/03\/PZ8_0578.jpg 2000w\" sizes=\"auto, (max-width: 1024px) 100vw, 1024px\" \/><\/figure>\n\n\n\n<figure class=\"wp-block-image size-large\"><img loading=\"lazy\" decoding=\"async\" width=\"1024\" height=\"682\" data-id=\"423\" src=\"https:\/\/neuoft.org\/wp-content\/uploads\/2026\/03\/PZ8_0601-1024x682.jpg\" alt=\"\" class=\"wp-image-423\" srcset=\"https:\/\/neuoft.itcontrol.cz\/wp-content\/uploads\/2026\/03\/PZ8_0601-1024x682.jpg 1024w, https:\/\/neuoft.itcontrol.cz\/wp-content\/uploads\/2026\/03\/PZ8_0601-300x200.jpg 300w, https:\/\/neuoft.itcontrol.cz\/wp-content\/uploads\/2026\/03\/PZ8_0601-768x512.jpg 768w, https:\/\/neuoft.itcontrol.cz\/wp-content\/uploads\/2026\/03\/PZ8_0601-1536x1024.jpg 1536w, https:\/\/neuoft.itcontrol.cz\/wp-content\/uploads\/2026\/03\/PZ8_0601-18x12.jpg 18w, https:\/\/neuoft.itcontrol.cz\/wp-content\/uploads\/2026\/03\/PZ8_0601.jpg 2000w\" sizes=\"auto, (max-width: 1024px) 100vw, 1024px\" \/><\/figure>\n\n\n\n<figure class=\"wp-block-image size-large\"><img loading=\"lazy\" decoding=\"async\" width=\"1024\" height=\"682\" data-id=\"424\" src=\"https:\/\/neuoft.org\/wp-content\/uploads\/2026\/03\/PZ8_0612-1024x682.jpg\" alt=\"\" class=\"wp-image-424\" srcset=\"https:\/\/neuoft.itcontrol.cz\/wp-content\/uploads\/2026\/03\/PZ8_0612-1024x682.jpg 1024w, https:\/\/neuoft.itcontrol.cz\/wp-content\/uploads\/2026\/03\/PZ8_0612-300x200.jpg 300w, https:\/\/neuoft.itcontrol.cz\/wp-content\/uploads\/2026\/03\/PZ8_0612-768x512.jpg 768w, https:\/\/neuoft.itcontrol.cz\/wp-content\/uploads\/2026\/03\/PZ8_0612-1536x1024.jpg 1536w, https:\/\/neuoft.itcontrol.cz\/wp-content\/uploads\/2026\/03\/PZ8_0612-18x12.jpg 18w, https:\/\/neuoft.itcontrol.cz\/wp-content\/uploads\/2026\/03\/PZ8_0612.jpg 2000w\" sizes=\"auto, (max-width: 1024px) 100vw, 1024px\" \/><\/figure>\n\n\n\n<figure class=\"wp-block-image size-large\"><img loading=\"lazy\" decoding=\"async\" width=\"1024\" height=\"682\" data-id=\"425\" src=\"https:\/\/neuoft.org\/wp-content\/uploads\/2026\/03\/PZ8_0693-1024x682.jpg\" alt=\"\" class=\"wp-image-425\" srcset=\"https:\/\/neuoft.itcontrol.cz\/wp-content\/uploads\/2026\/03\/PZ8_0693-1024x682.jpg 1024w, https:\/\/neuoft.itcontrol.cz\/wp-content\/uploads\/2026\/03\/PZ8_0693-300x200.jpg 300w, https:\/\/neuoft.itcontrol.cz\/wp-content\/uploads\/2026\/03\/PZ8_0693-768x512.jpg 768w, https:\/\/neuoft.itcontrol.cz\/wp-content\/uploads\/2026\/03\/PZ8_0693-1536x1024.jpg 1536w, https:\/\/neuoft.itcontrol.cz\/wp-content\/uploads\/2026\/03\/PZ8_0693-18x12.jpg 18w, https:\/\/neuoft.itcontrol.cz\/wp-content\/uploads\/2026\/03\/PZ8_0693.jpg 2000w\" sizes=\"auto, (max-width: 1024px) 100vw, 1024px\" \/><\/figure>\n\n\n\n<figure class=\"wp-block-image size-large\"><img loading=\"lazy\" decoding=\"async\" width=\"1024\" height=\"682\" data-id=\"427\" src=\"https:\/\/neuoft.org\/wp-content\/uploads\/2026\/03\/PZ8_0760-1024x682.jpg\" alt=\"\" class=\"wp-image-427\" srcset=\"https:\/\/neuoft.itcontrol.cz\/wp-content\/uploads\/2026\/03\/PZ8_0760-1024x682.jpg 1024w, https:\/\/neuoft.itcontrol.cz\/wp-content\/uploads\/2026\/03\/PZ8_0760-300x200.jpg 300w, https:\/\/neuoft.itcontrol.cz\/wp-content\/uploads\/2026\/03\/PZ8_0760-768x512.jpg 768w, https:\/\/neuoft.itcontrol.cz\/wp-content\/uploads\/2026\/03\/PZ8_0760-1536x1024.jpg 1536w, https:\/\/neuoft.itcontrol.cz\/wp-content\/uploads\/2026\/03\/PZ8_0760-18x12.jpg 18w, https:\/\/neuoft.itcontrol.cz\/wp-content\/uploads\/2026\/03\/PZ8_0760.jpg 2000w\" sizes=\"auto, (max-width: 1024px) 100vw, 1024px\" \/><\/figure>\n\n\n\n<figure class=\"wp-block-image size-large\"><img loading=\"lazy\" decoding=\"async\" width=\"1024\" height=\"682\" data-id=\"428\" src=\"https:\/\/neuoft.org\/wp-content\/uploads\/2026\/03\/PZ8_0795-1024x682.jpg\" alt=\"\" class=\"wp-image-428\" srcset=\"https:\/\/neuoft.itcontrol.cz\/wp-content\/uploads\/2026\/03\/PZ8_0795-1024x682.jpg 1024w, https:\/\/neuoft.itcontrol.cz\/wp-content\/uploads\/2026\/03\/PZ8_0795-300x200.jpg 300w, https:\/\/neuoft.itcontrol.cz\/wp-content\/uploads\/2026\/03\/PZ8_0795-768x512.jpg 768w, https:\/\/neuoft.itcontrol.cz\/wp-content\/uploads\/2026\/03\/PZ8_0795-1536x1024.jpg 1536w, https:\/\/neuoft.itcontrol.cz\/wp-content\/uploads\/2026\/03\/PZ8_0795-18x12.jpg 18w, https:\/\/neuoft.itcontrol.cz\/wp-content\/uploads\/2026\/03\/PZ8_0795.jpg 2000w\" sizes=\"auto, (max-width: 1024px) 100vw, 1024px\" \/><\/figure>\n\n\n\n<figure class=\"wp-block-image size-large\"><img loading=\"lazy\" decoding=\"async\" width=\"1024\" height=\"682\" data-id=\"426\" src=\"https:\/\/neuoft.org\/wp-content\/uploads\/2026\/03\/PZ8_0729-1024x682.jpg\" alt=\"\" class=\"wp-image-426\" srcset=\"https:\/\/neuoft.itcontrol.cz\/wp-content\/uploads\/2026\/03\/PZ8_0729-1024x682.jpg 1024w, https:\/\/neuoft.itcontrol.cz\/wp-content\/uploads\/2026\/03\/PZ8_0729-300x200.jpg 300w, https:\/\/neuoft.itcontrol.cz\/wp-content\/uploads\/2026\/03\/PZ8_0729-768x512.jpg 768w, https:\/\/neuoft.itcontrol.cz\/wp-content\/uploads\/2026\/03\/PZ8_0729-1536x1024.jpg 1536w, https:\/\/neuoft.itcontrol.cz\/wp-content\/uploads\/2026\/03\/PZ8_0729-18x12.jpg 18w, https:\/\/neuoft.itcontrol.cz\/wp-content\/uploads\/2026\/03\/PZ8_0729.jpg 2000w\" sizes=\"auto, (max-width: 1024px) 100vw, 1024px\" \/><\/figure>\n\n\n\n<figure class=\"wp-block-image size-large\"><img loading=\"lazy\" decoding=\"async\" width=\"1024\" height=\"682\" data-id=\"429\" src=\"https:\/\/neuoft.org\/wp-content\/uploads\/2026\/03\/PZ8_0799-1024x682.jpg\" alt=\"\" class=\"wp-image-429\" srcset=\"https:\/\/neuoft.itcontrol.cz\/wp-content\/uploads\/2026\/03\/PZ8_0799-1024x682.jpg 1024w, https:\/\/neuoft.itcontrol.cz\/wp-content\/uploads\/2026\/03\/PZ8_0799-300x200.jpg 300w, https:\/\/neuoft.itcontrol.cz\/wp-content\/uploads\/2026\/03\/PZ8_0799-768x512.jpg 768w, https:\/\/neuoft.itcontrol.cz\/wp-content\/uploads\/2026\/03\/PZ8_0799-1536x1024.jpg 1536w, https:\/\/neuoft.itcontrol.cz\/wp-content\/uploads\/2026\/03\/PZ8_0799-18x12.jpg 18w, https:\/\/neuoft.itcontrol.cz\/wp-content\/uploads\/2026\/03\/PZ8_0799.jpg 2000w\" sizes=\"auto, (max-width: 1024px) 100vw, 1024px\" \/><\/figure>\n\n\n\n<figure class=\"wp-block-image size-large\"><img loading=\"lazy\" decoding=\"async\" width=\"1024\" height=\"682\" data-id=\"430\" src=\"https:\/\/neuoft.org\/wp-content\/uploads\/2026\/03\/PZ8_0973-1024x682.jpg\" alt=\"\" class=\"wp-image-430\" srcset=\"https:\/\/neuoft.itcontrol.cz\/wp-content\/uploads\/2026\/03\/PZ8_0973-1024x682.jpg 1024w, https:\/\/neuoft.itcontrol.cz\/wp-content\/uploads\/2026\/03\/PZ8_0973-300x200.jpg 300w, https:\/\/neuoft.itcontrol.cz\/wp-content\/uploads\/2026\/03\/PZ8_0973-768x512.jpg 768w, https:\/\/neuoft.itcontrol.cz\/wp-content\/uploads\/2026\/03\/PZ8_0973-1536x1024.jpg 1536w, https:\/\/neuoft.itcontrol.cz\/wp-content\/uploads\/2026\/03\/PZ8_0973-18x12.jpg 18w, https:\/\/neuoft.itcontrol.cz\/wp-content\/uploads\/2026\/03\/PZ8_0973.jpg 2000w\" sizes=\"auto, (max-width: 1024px) 100vw, 1024px\" \/><\/figure>\n\n\n\n<figure class=\"wp-block-image size-large\"><img loading=\"lazy\" decoding=\"async\" width=\"1024\" height=\"682\" data-id=\"433\" src=\"https:\/\/neuoft.org\/wp-content\/uploads\/2026\/03\/PZ8_1524-1024x682.jpg\" alt=\"\" class=\"wp-image-433\" srcset=\"https:\/\/neuoft.itcontrol.cz\/wp-content\/uploads\/2026\/03\/PZ8_1524-1024x682.jpg 1024w, https:\/\/neuoft.itcontrol.cz\/wp-content\/uploads\/2026\/03\/PZ8_1524-300x200.jpg 300w, https:\/\/neuoft.itcontrol.cz\/wp-content\/uploads\/2026\/03\/PZ8_1524-768x512.jpg 768w, https:\/\/neuoft.itcontrol.cz\/wp-content\/uploads\/2026\/03\/PZ8_1524-1536x1024.jpg 1536w, https:\/\/neuoft.itcontrol.cz\/wp-content\/uploads\/2026\/03\/PZ8_1524-18x12.jpg 18w, https:\/\/neuoft.itcontrol.cz\/wp-content\/uploads\/2026\/03\/PZ8_1524.jpg 2000w\" sizes=\"auto, (max-width: 1024px) 100vw, 1024px\" \/><\/figure>\n\n\n\n<figure class=\"wp-block-image size-large\"><img loading=\"lazy\" decoding=\"async\" width=\"1024\" height=\"682\" data-id=\"435\" src=\"https:\/\/neuoft.org\/wp-content\/uploads\/2026\/03\/PZ8_1578-1024x682.jpg\" alt=\"\" class=\"wp-image-435\" srcset=\"https:\/\/neuoft.itcontrol.cz\/wp-content\/uploads\/2026\/03\/PZ8_1578-1024x682.jpg 1024w, https:\/\/neuoft.itcontrol.cz\/wp-content\/uploads\/2026\/03\/PZ8_1578-300x200.jpg 300w, https:\/\/neuoft.itcontrol.cz\/wp-content\/uploads\/2026\/03\/PZ8_1578-768x512.jpg 768w, https:\/\/neuoft.itcontrol.cz\/wp-content\/uploads\/2026\/03\/PZ8_1578-1536x1024.jpg 1536w, https:\/\/neuoft.itcontrol.cz\/wp-content\/uploads\/2026\/03\/PZ8_1578-18x12.jpg 18w, https:\/\/neuoft.itcontrol.cz\/wp-content\/uploads\/2026\/03\/PZ8_1578.jpg 2000w\" sizes=\"auto, (max-width: 1024px) 100vw, 1024px\" \/><\/figure>\n\n\n\n<figure class=\"wp-block-image size-large\"><img loading=\"lazy\" decoding=\"async\" width=\"1024\" height=\"682\" data-id=\"436\" src=\"https:\/\/neuoft.org\/wp-content\/uploads\/2026\/03\/PZ8_1943-1024x682.jpg\" alt=\"\" class=\"wp-image-436\" srcset=\"https:\/\/neuoft.itcontrol.cz\/wp-content\/uploads\/2026\/03\/PZ8_1943-1024x682.jpg 1024w, https:\/\/neuoft.itcontrol.cz\/wp-content\/uploads\/2026\/03\/PZ8_1943-300x200.jpg 300w, https:\/\/neuoft.itcontrol.cz\/wp-content\/uploads\/2026\/03\/PZ8_1943-768x512.jpg 768w, https:\/\/neuoft.itcontrol.cz\/wp-content\/uploads\/2026\/03\/PZ8_1943-1536x1024.jpg 1536w, https:\/\/neuoft.itcontrol.cz\/wp-content\/uploads\/2026\/03\/PZ8_1943-18x12.jpg 18w, https:\/\/neuoft.itcontrol.cz\/wp-content\/uploads\/2026\/03\/PZ8_1943.jpg 2000w\" sizes=\"auto, (max-width: 1024px) 100vw, 1024px\" \/><\/figure>\n\n\n\n<figure class=\"wp-block-image size-large\"><img loading=\"lazy\" decoding=\"async\" width=\"1024\" height=\"682\" data-id=\"432\" src=\"https:\/\/neuoft.org\/wp-content\/uploads\/2026\/03\/PZ8_1100-1024x682.jpg\" alt=\"\" class=\"wp-image-432\" srcset=\"https:\/\/neuoft.itcontrol.cz\/wp-content\/uploads\/2026\/03\/PZ8_1100-1024x682.jpg 1024w, https:\/\/neuoft.itcontrol.cz\/wp-content\/uploads\/2026\/03\/PZ8_1100-300x200.jpg 300w, https:\/\/neuoft.itcontrol.cz\/wp-content\/uploads\/2026\/03\/PZ8_1100-768x512.jpg 768w, https:\/\/neuoft.itcontrol.cz\/wp-content\/uploads\/2026\/03\/PZ8_1100-1536x1024.jpg 1536w, https:\/\/neuoft.itcontrol.cz\/wp-content\/uploads\/2026\/03\/PZ8_1100-18x12.jpg 18w, https:\/\/neuoft.itcontrol.cz\/wp-content\/uploads\/2026\/03\/PZ8_1100.jpg 2000w\" sizes=\"auto, (max-width: 1024px) 100vw, 1024px\" \/><\/figure>\n<\/figure>","protected":false},"excerpt":{"rendered":"<p>Term\u00edn a m\u00edsto 20. \u010dervna 2024,Kongresov\u00e9 centrum ILF v Praze Po\u0159adatel ReMuS, nada\u010dn\u00ed fond Spolupo\u0159adatel: Neurologick\u00e1 klinika 1. LF UK a VFN v Praze ve spolupr\u00e1ci s O\u010dn\u00ed klinikou 1. LF UK a VFN v Praze, s&nbsp;garanc\u00ed \u010cesk\u00e9 oftalmologick\u00e9 spole\u010dnosti \u010cLS JEP. Vzd\u011bl\u00e1vac\u00ed akce byla po\u0159\u00e1d\u00e1na dle Stavovsk\u00e9ho p\u0159edpisu \u010cLK \u010d. 16 a \u00fa\u010dast byla&#8230;<\/p>","protected":false},"author":5,"featured_media":44,"parent":0,"menu_order":0,"comment_status":"closed","ping_status":"closed","template":"","meta":{"_kad_post_transparent":"","_kad_post_title":"","_kad_post_layout":"","_kad_post_sidebar_id":"","_kad_post_content_style":"","_kad_post_vertical_padding":"","_kad_post_feature":"","_kad_post_feature_position":"","_kad_post_header":false,"_kad_post_footer":false,"footnotes":""},"class_list":["post-357","page","type-page","status-publish","has-post-thumbnail","hentry"],"_links":{"self":[{"href":"https:\/\/neuoft.itcontrol.cz\/en\/wp-json\/wp\/v2\/pages\/357","targetHints":{"allow":["GET"]}}],"collection":[{"href":"https:\/\/neuoft.itcontrol.cz\/en\/wp-json\/wp\/v2\/pages"}],"about":[{"href":"https:\/\/neuoft.itcontrol.cz\/en\/wp-json\/wp\/v2\/types\/page"}],"author":[{"embeddable":true,"href":"https:\/\/neuoft.itcontrol.cz\/en\/wp-json\/wp\/v2\/users\/5"}],"replies":[{"embeddable":true,"href":"https:\/\/neuoft.itcontrol.cz\/en\/wp-json\/wp\/v2\/comments?post=357"}],"version-history":[{"count":14,"href":"https:\/\/neuoft.itcontrol.cz\/en\/wp-json\/wp\/v2\/pages\/357\/revisions"}],"predecessor-version":[{"id":467,"href":"https:\/\/neuoft.itcontrol.cz\/en\/wp-json\/wp\/v2\/pages\/357\/revisions\/467"}],"wp:featuredmedia":[{"embeddable":true,"href":"https:\/\/neuoft.itcontrol.cz\/en\/wp-json\/wp\/v2\/media\/44"}],"wp:attachment":[{"href":"https:\/\/neuoft.itcontrol.cz\/en\/wp-json\/wp\/v2\/media?parent=357"}],"curies":[{"name":"wp","href":"https:\/\/api.w.org\/{rel}","templated":true}]}}