{"id":350,"date":"2026-03-23T18:08:11","date_gmt":"2026-03-23T17:08:11","guid":{"rendered":"https:\/\/neuoft.org\/?page_id=350"},"modified":"2026-04-02T14:32:09","modified_gmt":"2026-04-02T12:32:09","slug":"archiv","status":"publish","type":"page","link":"https:\/\/neuoft.itcontrol.cz\/en\/archiv\/","title":{"rendered":"Archive"},"content":{"rendered":"<style>\n.archiv-btn .wp-block-button__link {\n  transition: background-color 0.3s ease, box-shadow 0.3s ease, transform 0.3s ease;\n}\n.archiv-btn .wp-block-button__link:hover {\n  background-color: #195874 !important;\n  box-shadow: 0 12px 24px rgba(0,0,0,.22), 0 3px 0 rgba(0,0,0,.28);\n  transform: translateY(-2px);\n  color: #ffffff !important;\n}\n<\/style>\n\n\n\n<p>V\u00edtejte v archivu Neuro-oftalmologick\u00e9ho f\u00f3ra. Zde naleznete materi\u00e1ly z minul\u00fdch ro\u010dn\u00edk\u016f \u2013 programy, fotografie a dal\u0161\u00ed podklady z jednotliv\u00fdch setk\u00e1n\u00ed.<\/p>\n\n\n\n<hr class=\"wp-block-separator has-alpha-channel-opacity is-style-wide\"\/>\n\n\n\n<h2 class=\"wp-block-heading\" style=\"font-size:28px\">Prob\u011bhl\u00e9 ro\u010dn\u00edky<\/h2>\n\n\n\n<div style=\"height:30px\" aria-hidden=\"true\" class=\"wp-block-spacer\"><\/div>\n\n\n\n<div class=\"wp-block-columns is-layout-flex wp-container-core-columns-is-layout-c4af9c44 wp-block-columns-is-layout-flex\">\n<div class=\"wp-block-column has-border-color is-layout-flow wp-block-column-is-layout-flow\" style=\"border-color:#e0e0e0;border-width:1px;border-radius:8px;padding-top:0;padding-right:0;padding-bottom:20px;padding-left:0\">\n<figure class=\"wp-block-image size-full has-custom-border\"><a href=\"https:\/\/neuoft.org\/neu-oft-2025\/\"><img loading=\"lazy\" decoding=\"async\" width=\"2000\" height=\"1106\" src=\"http:\/\/neuoft.org\/wp-content\/uploads\/2026\/03\/DSC_3063_R.jpg\" alt=\"\" class=\"wp-image-414\" style=\"border-top-left-radius:8px;border-top-right-radius:8px;border-bottom-left-radius:0px;border-bottom-right-radius:0px\" srcset=\"https:\/\/neuoft.itcontrol.cz\/wp-content\/uploads\/2026\/03\/DSC_3063_R.jpg 2000w, https:\/\/neuoft.itcontrol.cz\/wp-content\/uploads\/2026\/03\/DSC_3063_R-300x166.jpg 300w, https:\/\/neuoft.itcontrol.cz\/wp-content\/uploads\/2026\/03\/DSC_3063_R-1024x566.jpg 1024w, https:\/\/neuoft.itcontrol.cz\/wp-content\/uploads\/2026\/03\/DSC_3063_R-768x425.jpg 768w, https:\/\/neuoft.itcontrol.cz\/wp-content\/uploads\/2026\/03\/DSC_3063_R-1536x849.jpg 1536w, https:\/\/neuoft.itcontrol.cz\/wp-content\/uploads\/2026\/03\/DSC_3063_R-18x10.jpg 18w\" sizes=\"auto, (max-width: 2000px) 100vw, 2000px\" \/><\/a><\/figure>\n\n\n\n<div class=\"wp-block-group\" style=\"padding-top:15px;padding-right:20px;padding-bottom:5px;padding-left:20px\"><div class=\"wp-block-group__inner-container is-layout-flow wp-block-group-is-layout-flow\">\n<h3 class=\"wp-block-heading\" style=\"font-size:22px\">2. neuro-oftalmologick\u00e9 f\u00f3rum<\/h3>\n\n\n\n<p class=\"has-text-color\" style=\"color:#555555;font-size:15px\">23.\u201324. kv\u011btna 2025 \u00b7 Praha<\/p>\n\n\n\n<p style=\"font-size:14px\">Program a materi\u00e1ly z 2. ro\u010dn\u00edku Neuro-oftalmologick\u00e9ho f\u00f3ra.<\/p>\n\n\n\n<div class=\"wp-block-buttons is-layout-flex wp-block-buttons-is-layout-flex\">\n<div class=\"wp-block-button archiv-btn\"><a class=\"wp-block-button__link has-ffffff-color has-1-e-6489-background-color has-text-color has-background wp-element-button\" href=\"https:\/\/neuoft.org\/neu-oft-2025\/\" style=\"border-radius:6px;color:#ffffff;background-color:#1e6489\">Zobrazit v\u00edce \u2192<\/a><\/div>\n<\/div>\n<\/div><\/div>\n<\/div>\n\n\n\n<div class=\"wp-block-column has-border-color is-layout-flow wp-block-column-is-layout-flow\" style=\"border-color:#e0e0e0;border-width:1px;border-radius:8px;padding-top:0;padding-right:0;padding-bottom:20px;padding-left:0\">\n<figure class=\"wp-block-image size-full has-custom-border\"><a href=\"https:\/\/neuoft.org\/neu-oft-2024\/\"><img loading=\"lazy\" decoding=\"async\" width=\"2000\" height=\"1106\" src=\"http:\/\/neuoft.org\/wp-content\/uploads\/2026\/03\/PZ8_1044-e1775132987105.jpg\" alt=\"\" class=\"wp-image-431\" style=\"border-top-left-radius:8px;border-top-right-radius:8px;border-bottom-left-radius:0px;border-bottom-right-radius:0px\" srcset=\"https:\/\/neuoft.itcontrol.cz\/wp-content\/uploads\/2026\/03\/PZ8_1044-e1775132987105.jpg 2000w, https:\/\/neuoft.itcontrol.cz\/wp-content\/uploads\/2026\/03\/PZ8_1044-e1775132987105-300x166.jpg 300w, https:\/\/neuoft.itcontrol.cz\/wp-content\/uploads\/2026\/03\/PZ8_1044-e1775132987105-1024x566.jpg 1024w, https:\/\/neuoft.itcontrol.cz\/wp-content\/uploads\/2026\/03\/PZ8_1044-e1775132987105-768x425.jpg 768w, https:\/\/neuoft.itcontrol.cz\/wp-content\/uploads\/2026\/03\/PZ8_1044-e1775132987105-1536x849.jpg 1536w, https:\/\/neuoft.itcontrol.cz\/wp-content\/uploads\/2026\/03\/PZ8_1044-e1775132987105-18x10.jpg 18w\" sizes=\"auto, (max-width: 2000px) 100vw, 2000px\" \/><\/a><\/figure>\n\n\n\n<div class=\"wp-block-group\" style=\"padding-top:15px;padding-right:20px;padding-bottom:5px;padding-left:20px\"><div class=\"wp-block-group__inner-container is-layout-flow wp-block-group-is-layout-flow\">\n<h3 class=\"wp-block-heading\" style=\"font-size:22px\">1. neuro-oftalmologick\u00e9 f\u00f3rum<\/h3>\n\n\n\n<p class=\"has-text-color\" style=\"color:#555555;font-size:15px\">20. \u010dervna 2024 \u00b7 Praha<\/p>\n\n\n\n<p style=\"font-size:14px\">Program a materi\u00e1ly z 1. ro\u010dn\u00edku Neuro-oftalmologick\u00e9ho f\u00f3ra.<\/p>\n\n\n\n<div class=\"wp-block-buttons is-layout-flex wp-block-buttons-is-layout-flex\">\n<div class=\"wp-block-button archiv-btn\"><a class=\"wp-block-button__link has-text-color has-background wp-element-button\" href=\"https:\/\/neuoft.org\/neu-oft-2024\/\" style=\"border-radius:6px;color:#ffffff;background-color:#1e6489\">Zobrazit v\u00edce \u2192<\/a><\/div>\n<\/div>\n<\/div><\/div>\n<\/div>\n<\/div>\n\n\n\n<p><\/p>","protected":false},"excerpt":{"rendered":"<p>V\u00edtejte v archivu Neuro-oftalmologick\u00e9ho f\u00f3ra. Zde naleznete materi\u00e1ly z minul\u00fdch ro\u010dn\u00edk\u016f \u2013 programy, fotografie a dal\u0161\u00ed podklady z jednotliv\u00fdch setk\u00e1n\u00ed. Prob\u011bhl\u00e9 ro\u010dn\u00edky 2. neuro-oftalmologick\u00e9 f\u00f3rum 23.\u201324. kv\u011btna 2025 \u00b7 Praha Program a materi\u00e1ly z 2. ro\u010dn\u00edku Neuro-oftalmologick\u00e9ho f\u00f3ra. 1. neuro-oftalmologick\u00e9 f\u00f3rum 20. \u010dervna 2024 \u00b7 Praha Program a materi\u00e1ly z 1. ro\u010dn\u00edku Neuro-oftalmologick\u00e9ho f\u00f3ra.<\/p>","protected":false},"author":5,"featured_media":44,"parent":0,"menu_order":0,"comment_status":"closed","ping_status":"closed","template":"","meta":{"_kad_post_transparent":"","_kad_post_title":"","_kad_post_layout":"","_kad_post_sidebar_id":"","_kad_post_content_style":"","_kad_post_vertical_padding":"","_kad_post_feature":"","_kad_post_feature_position":"","_kad_post_header":false,"_kad_post_footer":false,"footnotes":""},"class_list":["post-350","page","type-page","status-publish","has-post-thumbnail","hentry"],"_links":{"self":[{"href":"https:\/\/neuoft.itcontrol.cz\/en\/wp-json\/wp\/v2\/pages\/350","targetHints":{"allow":["GET"]}}],"collection":[{"href":"https:\/\/neuoft.itcontrol.cz\/en\/wp-json\/wp\/v2\/pages"}],"about":[{"href":"https:\/\/neuoft.itcontrol.cz\/en\/wp-json\/wp\/v2\/types\/page"}],"author":[{"embeddable":true,"href":"https:\/\/neuoft.itcontrol.cz\/en\/wp-json\/wp\/v2\/users\/5"}],"replies":[{"embeddable":true,"href":"https:\/\/neuoft.itcontrol.cz\/en\/wp-json\/wp\/v2\/comments?post=350"}],"version-history":[{"count":14,"href":"https:\/\/neuoft.itcontrol.cz\/en\/wp-json\/wp\/v2\/pages\/350\/revisions"}],"predecessor-version":[{"id":493,"href":"https:\/\/neuoft.itcontrol.cz\/en\/wp-json\/wp\/v2\/pages\/350\/revisions\/493"}],"wp:featuredmedia":[{"embeddable":true,"href":"https:\/\/neuoft.itcontrol.cz\/en\/wp-json\/wp\/v2\/media\/44"}],"wp:attachment":[{"href":"https:\/\/neuoft.itcontrol.cz\/en\/wp-json\/wp\/v2\/media?parent=350"}],"curies":[{"name":"wp","href":"https:\/\/api.w.org\/{rel}","templated":true}]}}