{"id":21,"date":"2025-01-08T21:50:42","date_gmt":"2025-01-08T20:50:42","guid":{"rendered":"https:\/\/www.neuoft.org.server.itcontrol.cz\/?page_id=21"},"modified":"2025-01-13T22:38:40","modified_gmt":"2025-01-13T21:38:40","slug":"vize-projektu","status":"publish","type":"page","link":"https:\/\/neuoft.itcontrol.cz\/en\/vize-projektu\/","title":{"rendered":"Vize projektu"},"content":{"rendered":"<div class=\"wp-block-columns is-layout-flex wp-container-core-columns-is-layout-9d6595d7 wp-block-columns-is-layout-flex\">\n<div class=\"wp-block-column is-layout-flow wp-block-column-is-layout-flow\">\n<p>Neuro-oftalmologick\u00e9 f\u00f3rum je platforma, kter\u00e1 podporuje spolupr\u00e1ci mezi neurology a oftalmology, usnad\u0148uje sd\u00edlen\u00ed znalost\u00ed a rozv\u00edjen\u00ed mezioborov\u00e9 spolupr\u00e1ce.<\/p>\n\n\n\n<div class=\"wp-block-group is-horizontal is-content-justification-left is-layout-flex wp-container-core-group-is-layout-3e697b19 wp-block-group-is-layout-flex\" style=\"margin-top:var(--wp--preset--spacing--60);margin-bottom:var(--wp--preset--spacing--60);padding-top:0;padding-right:0;padding-bottom:0;padding-left:0\">\n<figure class=\"wp-block-image size-full is-resized\"><img loading=\"lazy\" decoding=\"async\" width=\"1000\" height=\"1000\" src=\"https:\/\/www.neuoft.org.server.itcontrol.cz\/wp-content\/uploads\/2025\/01\/jlp_foto3.jpg\" alt=\"\" class=\"wp-image-28\" style=\"width:130px;height:auto\" srcset=\"https:\/\/neuoft.itcontrol.cz\/wp-content\/uploads\/2025\/01\/jlp_foto3.jpg 1000w, https:\/\/neuoft.itcontrol.cz\/wp-content\/uploads\/2025\/01\/jlp_foto3-300x300.jpg 300w, https:\/\/neuoft.itcontrol.cz\/wp-content\/uploads\/2025\/01\/jlp_foto3-150x150.jpg 150w, https:\/\/neuoft.itcontrol.cz\/wp-content\/uploads\/2025\/01\/jlp_foto3-768x768.jpg 768w\" sizes=\"auto, (max-width: 1000px) 100vw, 1000px\" \/><\/figure>\n\n\n\n<p>doc. MUDr.<br>Jana L\u00edzrov\u00e1 Preiningerov\u00e1<br>Ph.D.<\/p>\n<\/div>\n\n\n\n<figure class=\"wp-block-gallery has-nested-images columns-2 is-cropped wp-block-gallery-1 is-layout-flex wp-block-gallery-is-layout-flex\">\n<figure class=\"wp-block-image size-large\"><img loading=\"lazy\" decoding=\"async\" width=\"1024\" height=\"682\" data-id=\"24\" src=\"https:\/\/www.neuoft.org.server.itcontrol.cz\/wp-content\/uploads\/2025\/01\/pexels-photo-1478524-1024x682.jpeg\" alt=\"\" class=\"wp-image-24\" srcset=\"https:\/\/neuoft.itcontrol.cz\/wp-content\/uploads\/2025\/01\/pexels-photo-1478524-1024x682.jpeg 1024w, https:\/\/neuoft.itcontrol.cz\/wp-content\/uploads\/2025\/01\/pexels-photo-1478524-300x200.jpeg 300w, https:\/\/neuoft.itcontrol.cz\/wp-content\/uploads\/2025\/01\/pexels-photo-1478524-768x511.jpeg 768w, https:\/\/neuoft.itcontrol.cz\/wp-content\/uploads\/2025\/01\/pexels-photo-1478524-1536x1023.jpeg 1536w, https:\/\/neuoft.itcontrol.cz\/wp-content\/uploads\/2025\/01\/pexels-photo-1478524.jpeg 1880w\" sizes=\"auto, (max-width: 1024px) 100vw, 1024px\" \/><\/figure>\n\n\n\n<figure class=\"wp-block-image size-large\"><img loading=\"lazy\" decoding=\"async\" width=\"1024\" height=\"682\" data-id=\"25\" src=\"https:\/\/www.neuoft.org.server.itcontrol.cz\/wp-content\/uploads\/2025\/01\/pexels-photo-2114014-1024x682.jpeg\" alt=\"\" class=\"wp-image-25\" srcset=\"https:\/\/neuoft.itcontrol.cz\/wp-content\/uploads\/2025\/01\/pexels-photo-2114014-1024x682.jpeg 1024w, https:\/\/neuoft.itcontrol.cz\/wp-content\/uploads\/2025\/01\/pexels-photo-2114014-300x200.jpeg 300w, https:\/\/neuoft.itcontrol.cz\/wp-content\/uploads\/2025\/01\/pexels-photo-2114014-768x512.jpeg 768w, https:\/\/neuoft.itcontrol.cz\/wp-content\/uploads\/2025\/01\/pexels-photo-2114014-1536x1024.jpeg 1536w, https:\/\/neuoft.itcontrol.cz\/wp-content\/uploads\/2025\/01\/pexels-photo-2114014.jpeg 1880w\" sizes=\"auto, (max-width: 1024px) 100vw, 1024px\" \/><\/figure>\n\n\n\n<figure class=\"wp-block-image size-large\"><img loading=\"lazy\" decoding=\"async\" width=\"1024\" height=\"682\" data-id=\"26\" src=\"https:\/\/www.neuoft.org.server.itcontrol.cz\/wp-content\/uploads\/2025\/01\/pexels-photo-1254736-1024x682.jpeg\" alt=\"\" class=\"wp-image-26\" srcset=\"https:\/\/neuoft.itcontrol.cz\/wp-content\/uploads\/2025\/01\/pexels-photo-1254736-1024x682.jpeg 1024w, https:\/\/neuoft.itcontrol.cz\/wp-content\/uploads\/2025\/01\/pexels-photo-1254736-300x200.jpeg 300w, https:\/\/neuoft.itcontrol.cz\/wp-content\/uploads\/2025\/01\/pexels-photo-1254736-768x512.jpeg 768w, https:\/\/neuoft.itcontrol.cz\/wp-content\/uploads\/2025\/01\/pexels-photo-1254736-1536x1024.jpeg 1536w, https:\/\/neuoft.itcontrol.cz\/wp-content\/uploads\/2025\/01\/pexels-photo-1254736.jpeg 1880w\" sizes=\"auto, (max-width: 1024px) 100vw, 1024px\" \/><\/figure>\n\n\n\n<figure class=\"wp-block-image size-large\"><img loading=\"lazy\" decoding=\"async\" width=\"1024\" height=\"682\" data-id=\"27\" src=\"https:\/\/www.neuoft.org.server.itcontrol.cz\/wp-content\/uploads\/2025\/01\/pexels-photo-844297-1024x682.jpeg\" alt=\"\" class=\"wp-image-27\" srcset=\"https:\/\/neuoft.itcontrol.cz\/wp-content\/uploads\/2025\/01\/pexels-photo-844297-1024x682.jpeg 1024w, https:\/\/neuoft.itcontrol.cz\/wp-content\/uploads\/2025\/01\/pexels-photo-844297-300x200.jpeg 300w, https:\/\/neuoft.itcontrol.cz\/wp-content\/uploads\/2025\/01\/pexels-photo-844297-768x512.jpeg 768w, https:\/\/neuoft.itcontrol.cz\/wp-content\/uploads\/2025\/01\/pexels-photo-844297-1536x1024.jpeg 1536w, https:\/\/neuoft.itcontrol.cz\/wp-content\/uploads\/2025\/01\/pexels-photo-844297.jpeg 1880w\" sizes=\"auto, (max-width: 1024px) 100vw, 1024px\" \/><\/figure>\n<\/figure>\n<\/div>\n\n\n\n<div class=\"wp-block-column has-theme-palette-8-background-color has-background is-layout-flow wp-block-column-is-layout-flow\" style=\"padding-top:var(--wp--preset--spacing--50);padding-right:var(--wp--preset--spacing--50);padding-bottom:var(--wp--preset--spacing--50);padding-left:var(--wp--preset--spacing--50)\">\n<h3 class=\"wp-block-heading\">C\u00edle<\/h3>\n\n\n\n<p><strong>Podpora<\/strong><strong> multi-<\/strong><strong>disciplin\u00e1rn\u00edho<\/strong><strong> <\/strong><strong>p\u0159\u00edstupu<\/strong><strong>.&nbsp;<\/strong>Na neuro-oftalmologick\u00e9m f\u00f3ru je d\u00e1n prostor spole\u010dn\u00fdm t\u00e9mat\u016fm, ke kter\u00fdm se&nbsp; v\u017edy odborn\u011b vyjad\u0159uje neurolog i oftalmolog s c\u00edlem vz\u00e1jemn\u011b se obohatit sv\u00fdmi specifick\u00fdmi odborn\u00fdmi znalostmi.<\/p>\n\n\n\n<p><strong>Podpora<\/strong><strong> <\/strong><strong>multi<\/strong><strong>-disciplin\u00e1rn\u00ed<\/strong><strong> <\/strong><strong>spolupr\u00e1ce<\/strong><strong>.&nbsp;<\/strong>Na neuro-oftalmologick\u00e9m f\u00f3ru je vytvo\u0159en prostor pro prezentace kazuistik t\u00fdmy, kter\u00e9 jsou slo\u017eeny z&nbsp;neurolog\u016f a oftalmolog\u016f. P\u0159\u00edprava takov\u00fdch prezentac\u00ed a kazuistik p\u0159isp\u00edv\u00e1 k tvorb\u011b funk\u010dn\u00edch mezioborov\u00fdch t\u00fdm\u016f a vede tak ke zlep\u0161en\u00ed p\u00e9\u010de.<\/p>\n\n\n\n<p><strong>Podpora<\/strong><strong> <\/strong><strong>mezioborov\u00e9ho<\/strong><strong> <\/strong><strong>vzd\u011bl\u00e1v\u00e1n\u00ed<\/strong>. Program neuro-oftalmologick\u00e9ho f\u00f3ra zahrnuje kurzy a workshopy zam\u011b\u0159en\u00e9 na integraci a vz\u00e1jemn\u00e9 roz\u0161\u00ed\u0159en\u00ed znalost\u00ed na v\u0161ech \u00farovn\u00edch. C\u00edlem je poskytnout \u00fa\u010dastn\u00edk\u016fm z obou specializac\u00ed hlub\u0161\u00ed porozum\u011bn\u00ed druh\u00e9mu oboru, s c\u00edlem p\u0159eklenout p\u0159\u00edpadn\u00e9 mezery ve znalostech a podpo\u0159it odborn\u00e9 kompetence v obou discipl\u00edn\u00e1ch.<\/p>\n\n\n\n<p><strong>Podpora sd\u00edlen\u00ed informac\u00ed <\/strong>Platforma neuro-oftalmologick\u00e9 f\u00f3rum slou\u017e\u00ed jako zdroj informac\u00ed na t\u00e9ma neuro-oftalmologie<\/p>\n<\/div>\n<\/div>\n\n\n\n<div class=\"wp-block-group has-theme-palette-9-color has-theme-palette-1-background-color has-text-color has-background has-link-color wp-elements-8061d4fe4d1ae777024a788df501ca9a is-vertical is-content-justification-center is-layout-flex wp-container-core-group-is-layout-f9ad3a64 wp-block-group-is-layout-flex\" style=\"margin-top:var(--wp--preset--spacing--50);margin-bottom:var(--wp--preset--spacing--50);padding-top:var(--wp--preset--spacing--50);padding-right:var(--wp--preset--spacing--50);padding-bottom:var(--wp--preset--spacing--50);padding-left:var(--wp--preset--spacing--50)\">\n<h2 class=\"wp-block-heading has-theme-palette-9-color has-text-color has-link-color wp-elements-85afabc771facda16ed7c5751896d93b\">Chcete v\u017edy v\u011bd\u011bt, co je zde nov\u00e9ho?<\/h2>\n\n\n\n<p>&nbsp; P\u0159ihla\u0161te se k odb\u011bru novinek.<\/p>\n<\/div>","protected":false},"excerpt":{"rendered":"<p>Neuro-oftalmologick\u00e9 f\u00f3rum je platforma, kter\u00e1 podporuje spolupr\u00e1ci mezi neurology a oftalmology, usnad\u0148uje sd\u00edlen\u00ed znalost\u00ed a rozv\u00edjen\u00ed mezioborov\u00e9 spolupr\u00e1ce. doc. MUDr.Jana L\u00edzrov\u00e1 Preiningerov\u00e1Ph.D. C\u00edle Podpora multi-disciplin\u00e1rn\u00edho p\u0159\u00edstupu.&nbsp;Na neuro-oftalmologick\u00e9m f\u00f3ru je d\u00e1n prostor spole\u010dn\u00fdm t\u00e9mat\u016fm, ke kter\u00fdm se&nbsp; v\u017edy odborn\u011b vyjad\u0159uje neurolog i oftalmolog s c\u00edlem vz\u00e1jemn\u011b se obohatit sv\u00fdmi specifick\u00fdmi odborn\u00fdmi znalostmi. Podpora multi-disciplin\u00e1rn\u00ed spolupr\u00e1ce.&nbsp;Na neuro-oftalmologick\u00e9m&#8230;<\/p>","protected":false},"author":1,"featured_media":44,"parent":0,"menu_order":0,"comment_status":"closed","ping_status":"closed","template":"","meta":{"_kad_post_transparent":"","_kad_post_title":"","_kad_post_layout":"","_kad_post_sidebar_id":"","_kad_post_content_style":"","_kad_post_vertical_padding":"","_kad_post_feature":"","_kad_post_feature_position":"","_kad_post_header":false,"_kad_post_footer":false,"footnotes":""},"class_list":["post-21","page","type-page","status-publish","has-post-thumbnail","hentry"],"_links":{"self":[{"href":"https:\/\/neuoft.itcontrol.cz\/en\/wp-json\/wp\/v2\/pages\/21","targetHints":{"allow":["GET"]}}],"collection":[{"href":"https:\/\/neuoft.itcontrol.cz\/en\/wp-json\/wp\/v2\/pages"}],"about":[{"href":"https:\/\/neuoft.itcontrol.cz\/en\/wp-json\/wp\/v2\/types\/page"}],"author":[{"embeddable":true,"href":"https:\/\/neuoft.itcontrol.cz\/en\/wp-json\/wp\/v2\/users\/1"}],"replies":[{"embeddable":true,"href":"https:\/\/neuoft.itcontrol.cz\/en\/wp-json\/wp\/v2\/comments?post=21"}],"version-history":[{"count":1,"href":"https:\/\/neuoft.itcontrol.cz\/en\/wp-json\/wp\/v2\/pages\/21\/revisions"}],"predecessor-version":[{"id":29,"href":"https:\/\/neuoft.itcontrol.cz\/en\/wp-json\/wp\/v2\/pages\/21\/revisions\/29"}],"wp:featuredmedia":[{"embeddable":true,"href":"https:\/\/neuoft.itcontrol.cz\/en\/wp-json\/wp\/v2\/media\/44"}],"wp:attachment":[{"href":"https:\/\/neuoft.itcontrol.cz\/en\/wp-json\/wp\/v2\/media?parent=21"}],"curies":[{"name":"wp","href":"https:\/\/api.w.org\/{rel}","templated":true}]}}